{"id":120,"date":"2025-07-16T19:59:59","date_gmt":"2025-07-16T17:59:59","guid":{"rendered":"https:\/\/damanegypsum.net\/?post_type=product&#038;p=120"},"modified":"2025-12-18T14:51:34","modified_gmt":"2025-12-18T13:51:34","slug":"damane-hydro-dh-ba18","status":"publish","type":"product","link":"https:\/\/damanegypsum.net\/en\/product\/damane-hydro-dh-ba18\/","title":{"rendered":"DAMANE HYDRO BA18"},"content":{"rendered":"<p>Les plaques de pl\u00e2tres Damane Hydro, sont des plaques de pl\u00e2tre dont l\u2019\u00e2me et les deux parements ont \u00e9t\u00e9 hydrofug\u00e9s ce qui renforce la r\u00e9sistance \u00e0 l\u2019humidit\u00e9. Permettent la r\u00e9alisation de cloisons au sein de pi\u00e8ces humides telles que les salles de bains, buanderie ou tout autre type de salle d\u2019eau. Ces plaques de pl\u00e2tre hydrofug\u00e9es sont \u00e9galement dot\u00e9es de bords amincis pour une pose plus ais\u00e9e lors de travaux de construction et r\u00e9novation au sein de pi\u00e8ces \u00e0\u00a0forte\u00a0humidit\u00e9.<\/p>\n","protected":false},"excerpt":{"rendered":"<p>Les plaques de pl\u00e2tres Damane Hydro, sont des plaques de pl\u00e2tre dont l\u2019\u00e2me et les deux parements ont \u00e9t\u00e9 hydrofug\u00e9s ce qui renforce la r\u00e9sistance \u00e0 l\u2019humidit\u00e9. Permettent la r\u00e9alisation de cloisons au sein de pi\u00e8ces humides telles que les salles de bains, buanderie ou tout autre type de salle d\u2019eau. Ces plaques de pl\u00e2tre&#8230;<\/p>\n","protected":false},"featured_media":369,"comment_status":"open","ping_status":"closed","template":"","meta":{"_acf_changed":false,"inline_featured_image":false},"product_brand":[],"product_cat":[20,29],"product_tag":[26],"class_list":{"0":"post-120","1":"product","2":"type-product","3":"status-publish","4":"has-post-thumbnail","6":"product_cat-damane-hydro","7":"product_cat-plaques-de-platre","8":"product_tag-plaque-de-platre","10":"first","11":"instock","12":"shipping-taxable","13":"product-type-simple"},"acf":[],"_links":{"self":[{"href":"https:\/\/damanegypsum.net\/en\/wp-json\/wp\/v2\/product\/120","targetHints":{"allow":["GET"]}}],"collection":[{"href":"https:\/\/damanegypsum.net\/en\/wp-json\/wp\/v2\/product"}],"about":[{"href":"https:\/\/damanegypsum.net\/en\/wp-json\/wp\/v2\/types\/product"}],"replies":[{"embeddable":true,"href":"https:\/\/damanegypsum.net\/en\/wp-json\/wp\/v2\/comments?post=120"}],"wp:featuredmedia":[{"embeddable":true,"href":"https:\/\/damanegypsum.net\/en\/wp-json\/wp\/v2\/media\/369"}],"wp:attachment":[{"href":"https:\/\/damanegypsum.net\/en\/wp-json\/wp\/v2\/media?parent=120"}],"wp:term":[{"taxonomy":"product_brand","embeddable":true,"href":"https:\/\/damanegypsum.net\/en\/wp-json\/wp\/v2\/product_brand?post=120"},{"taxonomy":"product_cat","embeddable":true,"href":"https:\/\/damanegypsum.net\/en\/wp-json\/wp\/v2\/product_cat?post=120"},{"taxonomy":"product_tag","embeddable":true,"href":"https:\/\/damanegypsum.net\/en\/wp-json\/wp\/v2\/product_tag?post=120"}],"curies":[{"name":"wp","href":"https:\/\/api.w.org\/{rel}","templated":true}]}}