{"id":579,"date":"2025-12-14T17:51:11","date_gmt":"2025-12-14T16:51:11","guid":{"rendered":"https:\/\/damanegypsum.net\/?post_type=product&#038;p=579"},"modified":"2025-12-18T12:28:22","modified_gmt":"2025-12-18T11:28:22","slug":"taloche","status":"publish","type":"product","link":"https:\/\/damanegypsum.net\/en\/product\/taloche\/","title":{"rendered":"Al Gabas &#8211; Taloche"},"content":{"rendered":"<p>AL GABAS TALOCHE est un mortier \u00e0 base de pl\u00e2tre, sp\u00e9cialement con\u00e7u pour les travaux de parach\u00e8vement des plafonds int\u00e9rieurs. Id\u00e9al pour une application manuelle, offrant une surface lisse et durable. Il se distingue par une pr\u00e9paration rapide et facile, un excellent rendement et une grande souplesse, un temps de travail prolong\u00e9 et une haute r\u00e9sistance aux chocs.<\/p>\n","protected":false},"excerpt":{"rendered":"<p>AL GABAS TALOCHE est un mortier \u00e0 base de pl\u00e2tre, sp\u00e9cialement con\u00e7u pour les travaux de parach\u00e8vement des plafonds int\u00e9rieurs. Id\u00e9al pour une application manuelle, offrant une surface lisse et durable. Il se distingue par une pr\u00e9paration rapide et facile, un excellent rendement et une grande souplesse, un temps de travail prolong\u00e9 et une haute&#8230;<\/p>\n","protected":false},"featured_media":663,"comment_status":"open","ping_status":"closed","template":"","meta":{"_acf_changed":false,"inline_featured_image":false},"product_brand":[31],"product_cat":[27],"product_tag":[45],"class_list":{"0":"post-579","1":"product","2":"type-product","3":"status-publish","4":"has-post-thumbnail","6":"product_brand-platre-et-mortier","7":"product_cat-platre-et-mortier","8":"product_tag-mortier-de-platre-manuel","10":"first","11":"instock","12":"shipping-taxable","13":"product-type-simple"},"acf":[],"_links":{"self":[{"href":"https:\/\/damanegypsum.net\/en\/wp-json\/wp\/v2\/product\/579","targetHints":{"allow":["GET"]}}],"collection":[{"href":"https:\/\/damanegypsum.net\/en\/wp-json\/wp\/v2\/product"}],"about":[{"href":"https:\/\/damanegypsum.net\/en\/wp-json\/wp\/v2\/types\/product"}],"replies":[{"embeddable":true,"href":"https:\/\/damanegypsum.net\/en\/wp-json\/wp\/v2\/comments?post=579"}],"wp:featuredmedia":[{"embeddable":true,"href":"https:\/\/damanegypsum.net\/en\/wp-json\/wp\/v2\/media\/663"}],"wp:attachment":[{"href":"https:\/\/damanegypsum.net\/en\/wp-json\/wp\/v2\/media?parent=579"}],"wp:term":[{"taxonomy":"product_brand","embeddable":true,"href":"https:\/\/damanegypsum.net\/en\/wp-json\/wp\/v2\/product_brand?post=579"},{"taxonomy":"product_cat","embeddable":true,"href":"https:\/\/damanegypsum.net\/en\/wp-json\/wp\/v2\/product_cat?post=579"},{"taxonomy":"product_tag","embeddable":true,"href":"https:\/\/damanegypsum.net\/en\/wp-json\/wp\/v2\/product_tag?post=579"}],"curies":[{"name":"wp","href":"https:\/\/api.w.org\/{rel}","templated":true}]}}