{"id":657,"date":"2025-12-17T12:46:20","date_gmt":"2025-12-17T11:46:20","guid":{"rendered":"https:\/\/damanegypsum.net\/?post_type=product&#038;p=657"},"modified":"2025-12-17T13:08:44","modified_gmt":"2025-12-17T12:08:44","slug":"damaplaf-arak","status":"publish","type":"product","link":"https:\/\/damanegypsum.net\/en\/product\/damaplaf-arak\/","title":{"rendered":"Damaplaf &#8211; Arak"},"content":{"rendered":"<p>DAMAPLAF est un plafond suspendu d\u00e9montable en pl\u00e2tre all\u00e9g\u00e9, sp\u00e9cialement con\u00e7u pour r\u00e9pondre aux exigences des environnements sensibles et humides. Il est compos\u00e9 de dalles en pl\u00e2tre lamin\u00e9, rev\u00eatues sur la face visible d&#8217;un film PVC blanc pour un rendu esth\u00e9tique et facile \u00e0 entretenir, et d&#8217;une feuille d&#8217;aluminium au dos offrant une protection pare-vapeur renforc\u00e9e.<\/p>\n","protected":false},"excerpt":{"rendered":"<p>DAMAPLAF est un plafond suspendu d\u00e9montable en pl\u00e2tre all\u00e9g\u00e9, sp\u00e9cialement con\u00e7u pour r\u00e9pondre aux exigences des environnements sensibles et humides. Il est compos\u00e9 de dalles en pl\u00e2tre lamin\u00e9, rev\u00eatues sur la face visible d&#8217;un film PVC blanc pour un rendu esth\u00e9tique et facile \u00e0 entretenir, et d&#8217;une feuille d&#8217;aluminium au dos offrant une protection pare-vapeur&#8230;<\/p>\n","protected":false},"featured_media":658,"comment_status":"open","ping_status":"closed","template":"","meta":{"_acf_changed":false,"inline_featured_image":false},"product_brand":[],"product_cat":[33],"product_tag":[43],"class_list":{"0":"post-657","1":"product","2":"type-product","3":"status-publish","4":"has-post-thumbnail","6":"product_cat-plafonds-demontables","7":"product_tag-plafond-demontable","9":"first","10":"instock","11":"shipping-taxable","12":"product-type-simple"},"acf":[],"_links":{"self":[{"href":"https:\/\/damanegypsum.net\/en\/wp-json\/wp\/v2\/product\/657","targetHints":{"allow":["GET"]}}],"collection":[{"href":"https:\/\/damanegypsum.net\/en\/wp-json\/wp\/v2\/product"}],"about":[{"href":"https:\/\/damanegypsum.net\/en\/wp-json\/wp\/v2\/types\/product"}],"replies":[{"embeddable":true,"href":"https:\/\/damanegypsum.net\/en\/wp-json\/wp\/v2\/comments?post=657"}],"wp:featuredmedia":[{"embeddable":true,"href":"https:\/\/damanegypsum.net\/en\/wp-json\/wp\/v2\/media\/658"}],"wp:attachment":[{"href":"https:\/\/damanegypsum.net\/en\/wp-json\/wp\/v2\/media?parent=657"}],"wp:term":[{"taxonomy":"product_brand","embeddable":true,"href":"https:\/\/damanegypsum.net\/en\/wp-json\/wp\/v2\/product_brand?post=657"},{"taxonomy":"product_cat","embeddable":true,"href":"https:\/\/damanegypsum.net\/en\/wp-json\/wp\/v2\/product_cat?post=657"},{"taxonomy":"product_tag","embeddable":true,"href":"https:\/\/damanegypsum.net\/en\/wp-json\/wp\/v2\/product_tag?post=657"}],"curies":[{"name":"wp","href":"https:\/\/api.w.org\/{rel}","templated":true}]}}