{"id":708,"date":"2025-12-18T14:43:50","date_gmt":"2025-12-18T13:43:50","guid":{"rendered":"https:\/\/damanegypsum.net\/?post_type=product&#038;p=708"},"modified":"2025-12-18T14:43:53","modified_gmt":"2025-12-18T13:43:53","slug":"damane-standard-ba10","status":"publish","type":"product","link":"https:\/\/damanegypsum.net\/en\/product\/damane-standard-ba10\/","title":{"rendered":"DAMANE STANDARD BA10"},"content":{"rendered":"<p>une solution polyvalente et essentielle pour les professionnels de la construction, les plaquistes et les plafistes. Gr\u00e2ce \u00e0 notre gamme compl\u00e8te de plaques de pl\u00e2tre standard, nous mettons \u00e0 votre disposition des mat\u00e9riaux de construction de haute qualit\u00e9 pour une vari\u00e9t\u00e9 d&#8217;applications (cloisons, de plafonds, de rev\u00eatements ou d&#8217;autres applications).<\/p>\n","protected":false},"excerpt":{"rendered":"<p>une solution polyvalente et essentielle pour les professionnels de la construction, les plaquistes et les plafistes. Gr\u00e2ce \u00e0 notre gamme compl\u00e8te de plaques de pl\u00e2tre standard, nous mettons \u00e0 votre disposition des mat\u00e9riaux de construction de haute qualit\u00e9 pour une vari\u00e9t\u00e9 d&#8217;applications (cloisons, de plafonds, de rev\u00eatements ou d&#8217;autres applications).<\/p>\n","protected":false},"featured_media":367,"comment_status":"open","ping_status":"closed","template":"","meta":{"_acf_changed":false,"inline_featured_image":false},"product_brand":[],"product_cat":[19,29],"product_tag":[26],"class_list":{"0":"post-708","1":"product","2":"type-product","3":"status-publish","4":"has-post-thumbnail","6":"product_cat-damane-standard","7":"product_cat-plaques-de-platre","8":"product_tag-plaque-de-platre","10":"first","11":"instock","12":"shipping-taxable","13":"product-type-simple"},"acf":[],"_links":{"self":[{"href":"https:\/\/damanegypsum.net\/en\/wp-json\/wp\/v2\/product\/708","targetHints":{"allow":["GET"]}}],"collection":[{"href":"https:\/\/damanegypsum.net\/en\/wp-json\/wp\/v2\/product"}],"about":[{"href":"https:\/\/damanegypsum.net\/en\/wp-json\/wp\/v2\/types\/product"}],"replies":[{"embeddable":true,"href":"https:\/\/damanegypsum.net\/en\/wp-json\/wp\/v2\/comments?post=708"}],"wp:featuredmedia":[{"embeddable":true,"href":"https:\/\/damanegypsum.net\/en\/wp-json\/wp\/v2\/media\/367"}],"wp:attachment":[{"href":"https:\/\/damanegypsum.net\/en\/wp-json\/wp\/v2\/media?parent=708"}],"wp:term":[{"taxonomy":"product_brand","embeddable":true,"href":"https:\/\/damanegypsum.net\/en\/wp-json\/wp\/v2\/product_brand?post=708"},{"taxonomy":"product_cat","embeddable":true,"href":"https:\/\/damanegypsum.net\/en\/wp-json\/wp\/v2\/product_cat?post=708"},{"taxonomy":"product_tag","embeddable":true,"href":"https:\/\/damanegypsum.net\/en\/wp-json\/wp\/v2\/product_tag?post=708"}],"curies":[{"name":"wp","href":"https:\/\/api.w.org\/{rel}","templated":true}]}}