{"id":715,"date":"2025-12-18T14:56:11","date_gmt":"2025-12-18T13:56:11","guid":{"rendered":"https:\/\/damanegypsum.net\/?post_type=product&#038;p=715"},"modified":"2025-12-18T14:56:14","modified_gmt":"2025-12-18T13:56:14","slug":"damane-feu-ba18","status":"publish","type":"product","link":"https:\/\/damanegypsum.net\/en\/product\/damane-feu-ba18\/","title":{"rendered":"DAMANE FEU BA18"},"content":{"rendered":"<p>Les plaques de pl\u00e2tres Damane Feu, sont des plaques de pl\u00e2tre dont la r\u00e9sistance au feu a \u00e9t\u00e9 renforc\u00e9e. C\u2019est l\u2019incorporation de fibre de verre et de vermiculite qui conf\u00e8re \u00e0 ces plaques de pl\u00e2tre une r\u00e9sistance accrue au feu. permettent la r\u00e9alisation d\u2019ouvrages en cloisons et contre cloisons, plus r\u00e9sistants aux incendies quels que soient les types de b\u00e2timents. Optez pour la s\u00e9curit\u00e9 et la durabilit\u00e9 avec nos produits, avec une protection optimale contre les risques\u00a0d&#8217;incendie.<\/p>\n","protected":false},"excerpt":{"rendered":"<p>Les plaques de pl\u00e2tres Damane Feu, sont des plaques de pl\u00e2tre dont la r\u00e9sistance au feu a \u00e9t\u00e9 renforc\u00e9e. C\u2019est l\u2019incorporation de fibre de verre et de vermiculite qui conf\u00e8re \u00e0 ces plaques de pl\u00e2tre une r\u00e9sistance accrue au feu. permettent la r\u00e9alisation d\u2019ouvrages en cloisons et contre cloisons, plus r\u00e9sistants aux incendies quels que&#8230;<\/p>\n","protected":false},"featured_media":371,"comment_status":"open","ping_status":"closed","template":"","meta":{"_acf_changed":false,"inline_featured_image":false},"product_brand":[],"product_cat":[21,29],"product_tag":[26],"class_list":{"0":"post-715","1":"product","2":"type-product","3":"status-publish","4":"has-post-thumbnail","6":"product_cat-damane-feu","7":"product_cat-plaques-de-platre","8":"product_tag-plaque-de-platre","10":"first","11":"instock","12":"shipping-taxable","13":"product-type-simple"},"acf":[],"_links":{"self":[{"href":"https:\/\/damanegypsum.net\/en\/wp-json\/wp\/v2\/product\/715","targetHints":{"allow":["GET"]}}],"collection":[{"href":"https:\/\/damanegypsum.net\/en\/wp-json\/wp\/v2\/product"}],"about":[{"href":"https:\/\/damanegypsum.net\/en\/wp-json\/wp\/v2\/types\/product"}],"replies":[{"embeddable":true,"href":"https:\/\/damanegypsum.net\/en\/wp-json\/wp\/v2\/comments?post=715"}],"wp:featuredmedia":[{"embeddable":true,"href":"https:\/\/damanegypsum.net\/en\/wp-json\/wp\/v2\/media\/371"}],"wp:attachment":[{"href":"https:\/\/damanegypsum.net\/en\/wp-json\/wp\/v2\/media?parent=715"}],"wp:term":[{"taxonomy":"product_brand","embeddable":true,"href":"https:\/\/damanegypsum.net\/en\/wp-json\/wp\/v2\/product_brand?post=715"},{"taxonomy":"product_cat","embeddable":true,"href":"https:\/\/damanegypsum.net\/en\/wp-json\/wp\/v2\/product_cat?post=715"},{"taxonomy":"product_tag","embeddable":true,"href":"https:\/\/damanegypsum.net\/en\/wp-json\/wp\/v2\/product_tag?post=715"}],"curies":[{"name":"wp","href":"https:\/\/api.w.org\/{rel}","templated":true}]}}