{"id":717,"date":"2025-12-18T14:58:31","date_gmt":"2025-12-18T13:58:31","guid":{"rendered":"https:\/\/damanegypsum.net\/?post_type=product&#038;p=717"},"modified":"2025-12-18T14:58:53","modified_gmt":"2025-12-18T13:58:53","slug":"damane-haute-durete-ba15","status":"publish","type":"product","link":"https:\/\/damanegypsum.net\/en\/product\/damane-haute-durete-ba15\/","title":{"rendered":"DAMANE HAUTE DURET\u00c9 BA15"},"content":{"rendered":"<p>Les plaques de pl\u00e2tres haute duret\u00e9 de Damane Gypsum sont une solution robuste et durable sp\u00e9cialement con\u00e7ue pour r\u00e9pondre aux besoins des espaces soumis \u00e0 une utilisation intensive. id\u00e9ale dans des milieux exigeants en performances acoustiques et en r\u00e9sistance aux chocs de corps durs (h\u00f4pitaux, \u00e9tablissements scolaires&#8230;).<\/p>\n","protected":false},"excerpt":{"rendered":"<p>Les plaques de pl\u00e2tres haute duret\u00e9 de Damane Gypsum sont une solution robuste et durable sp\u00e9cialement con\u00e7ue pour r\u00e9pondre aux besoins des espaces soumis \u00e0 une utilisation intensive. id\u00e9ale dans des milieux exigeants en performances acoustiques et en r\u00e9sistance aux chocs de corps durs (h\u00f4pitaux, \u00e9tablissements scolaires&#8230;).<\/p>\n","protected":false},"featured_media":370,"comment_status":"open","ping_status":"closed","template":"","meta":{"_acf_changed":false,"inline_featured_image":false},"product_brand":[],"product_cat":[22,29],"product_tag":[26],"class_list":{"0":"post-717","1":"product","2":"type-product","3":"status-publish","4":"has-post-thumbnail","6":"product_cat-damane-haute-durete","7":"product_cat-plaques-de-platre","8":"product_tag-plaque-de-platre","10":"first","11":"instock","12":"shipping-taxable","13":"product-type-simple"},"acf":[],"_links":{"self":[{"href":"https:\/\/damanegypsum.net\/en\/wp-json\/wp\/v2\/product\/717","targetHints":{"allow":["GET"]}}],"collection":[{"href":"https:\/\/damanegypsum.net\/en\/wp-json\/wp\/v2\/product"}],"about":[{"href":"https:\/\/damanegypsum.net\/en\/wp-json\/wp\/v2\/types\/product"}],"replies":[{"embeddable":true,"href":"https:\/\/damanegypsum.net\/en\/wp-json\/wp\/v2\/comments?post=717"}],"wp:featuredmedia":[{"embeddable":true,"href":"https:\/\/damanegypsum.net\/en\/wp-json\/wp\/v2\/media\/370"}],"wp:attachment":[{"href":"https:\/\/damanegypsum.net\/en\/wp-json\/wp\/v2\/media?parent=717"}],"wp:term":[{"taxonomy":"product_brand","embeddable":true,"href":"https:\/\/damanegypsum.net\/en\/wp-json\/wp\/v2\/product_brand?post=717"},{"taxonomy":"product_cat","embeddable":true,"href":"https:\/\/damanegypsum.net\/en\/wp-json\/wp\/v2\/product_cat?post=717"},{"taxonomy":"product_tag","embeddable":true,"href":"https:\/\/damanegypsum.net\/en\/wp-json\/wp\/v2\/product_tag?post=717"}],"curies":[{"name":"wp","href":"https:\/\/api.w.org\/{rel}","templated":true}]}}